{"id":12907,"date":"2016-05-26T16:27:25","date_gmt":"2016-05-26T16:27:25","guid":{"rendered":"https:\/\/www.calnoi.info\/aviso-legal-2\/"},"modified":"2022-09-27T13:46:12","modified_gmt":"2022-09-27T13:46:12","slug":"legal-notice","status":"publish","type":"page","link":"https:\/\/www.calnoi.info\/en\/legal-notice\/","title":{"rendered":"Legal notice"},"content":{"rendered":"<p><strong>Legal notice<\/strong><\/p>\n<p><strong>Propiedad de la p\u00e1gina y el contenido<\/strong><\/p>\n<p>Est\u00e1s visitando www.calnoi.info, titularidad de Apartamentos San Roque II, con domicilio social en Camprodon, paseo de la muralla, 13, con N.I.F. E-17619636, y Apartamentos San Roque IV, con domicilio social en Camprodon, plaza del Carmen, 5, con N.I.F. E-17892530, inscritas en el Registro Mercantil de Catalu\u00f1a y registradas en &#8220;Turismo de Catalu\u00f1a&#8221; con el n\u00ba: HUTG-015691 al 015694 \/ HUTG-020121 al 020133 y HUTG-020.881.<\/p>\n<p>Para contactar con nosotros puede dirigirse a la siguiente direcci\u00f3n de correo electr\u00f3nico info@hotelsantroc.info as\u00ed como en el tel\u00e9fono +34 972 740119<\/p>\n<p>En esta web podr\u00e1 encontrar fotograf\u00edas del Apartamentos Cal Noi, as\u00ed como noticias relativas a este, e informaci\u00f3n sobre sus instalaciones, ofertas de alojamiento y otros servicios del Apartamentos. Asimismo, a trav\u00e9s de esta web usted podr\u00e1 solicitar reservas en nuestros apartamentos y completando y enviando un formulario.<\/p>\n<p><strong>Exoneraci\u00f3n de responsabilidad<\/strong><\/p>\n<p>La utilizaci\u00f3n de la presente web implica la aceptaci\u00f3n de los extremos expresados \u200b\u200ben el presente Aviso Legal. En el supuesto de realizar alguna contrataci\u00f3n electr\u00f3nica a trav\u00e9s de la presente web, Apartamentos Cal Noi, se compromete a facilitarle la informaci\u00f3n necesaria de acuerdo con la legislaci\u00f3n espa\u00f1ola en materia de contrataci\u00f3n electr\u00f3nica y protecci\u00f3n del consumidor. Concretamente, usted tendr\u00e1 a su disposici\u00f3n las condiciones generales de contrataci\u00f3n para su lectura y aceptaci\u00f3n antes de hacer cualquier contrataci\u00f3n electr\u00f3nica con la empresa titular del establecimiento. Asimismo, en el supuesto de aceptar dichas condiciones generales de contrataci\u00f3n, se entender\u00e1 que usted entiende y acepta el contenido de las mismas.<\/p>\n<p>Apartamentos Cal Noi exonera de responsabilidad por cualquier desactualizaci\u00f3n que pudiera producirse en relaci\u00f3n con los datos que aparecen en la web, especialmente con respecto a las plazas disponibles y los precios de los servicios que se ofrecen.<\/p>\n<p>Asimismo Apartamentos Cal Noi no se hace responsable de la transmisi\u00f3n de cualquier virus o perjuicio en su equipo que pueda producirse a ra\u00edz del acceso a la presente web.<\/p>\n<p>Apartamentos Cal Noi no tendr\u00e1 ninguna responsabilidad por los contenidos de otras Webs que no sean de su titularidad a las que se pueda acceder a trav\u00e9s de un link desde www.calnoi.info, al no tener la posibilidad de supervisar la legalidad de los contenidos de las mismas.<\/p>\n<p><strong>Propiedad intelectual<\/strong><\/p>\n<p>Los derechos de propiedad intelectual sobre las obras contenidas en www.calnoi.info corresponden en exclusiva a Apartamentos Cal Noi salvo que en las mismas se indique titularidad distinta. La reproducci\u00f3n, distribuci\u00f3n, comercializaci\u00f3n o transformaci\u00f3n no autorizadas de estas obras constituye una infracci\u00f3n de los derechos de propiedad intelectual de Apartamentos Cal Noi o del titular de los mismos, y podr\u00e1 dar lugar al ejercicio de cuantas acciones judiciales o extrajudiciales les pudieran corresponder en el ejercicio de sus derechos.<\/p>\n<p>Asimismo, la informaci\u00f3n a la que el usuario puede acceder a trav\u00e9s de esta web, puede estar protegida por derechos de propiedad industrial, intelectual o de otra \u00edndole. Apartamentos Cal Noi no ser\u00e1 responsable en ning\u00fan caso y bajo ning\u00fan concepto de las infracciones de tales derechos que pueda cometer como usuario.<\/p>\n<p><strong>Ley aplicable y jurisdicci\u00f3n<\/strong><\/p>\n<p>La ley aplicable a las presentes Condiciones Generales ser\u00e1 la Ley Espa\u00f1ola. Asimismo, para cualquier divergencia surgida entre ambas partes se someten expresamente a los Juzgados y Tribunales de la ciudad de Girona con renuncia a su propio fuero si \u00e9ste fuese otro.<\/p>\n<p><strong>Cl\u00e1usula en materia de Protecci\u00f3n de Datos y Seguridad inform\u00e1tica<\/strong><\/p>\n<p>Los datos de car\u00e1cter personal que facilite a Apartamentos Cal Noi a trav\u00e9s de la web www.calnoi.info se tratar\u00e1n en ficheros titularidad de Apartamentos Cal Noi con el fin de prestarle el servicio para el que facilita sus datos, as\u00ed como remitir -le informaci\u00f3n comercial personalizada sobre productos y servicios de los Apartamentos.<\/p>\n<p>Asimismo, en el caso de que usted lo haya consentido expresamente en los formularios a trav\u00e9s de los cuales nos puede facilitar sus datos personales, sus datos podr\u00e1n ser utilizados con la finalidad de remitirle informaci\u00f3n comercial personalizada sobre productos y servicios de los Apartamentos.<\/p>\n<p>De acuerdo con la ley org\u00e1nica establecida en diciembre 1999, de protecci\u00f3n de datos de car\u00e1cter personal (LOPDC), Apartamentos San Roque II y Apartamentos San Roque IV, empresa propietaria de www.calnoi.info ha procedido a la creaci\u00f3n de un fichero automatizado de car\u00e1cter personal, en el que se recoger\u00e1n aquellos datos que sean necesarios para gestionar las reservas de estancias en apartamentos y \/ u ofrecer la informaci\u00f3n solicitada por los usuarios y clientes, as\u00ed como de informaci\u00f3n y promociones referentes a los apartamentos.<\/p>\n<p>Garantizamos la adopci\u00f3n de medidas oportunas a fin de asegurar el uso exclusivo y confidencial de dichos datos, los cuales podr\u00e1n ser modificadas o canceladas por su titular, enviando un e-mail al siguiente direcci\u00f3n: info@hotelsantroc.info<\/p>\n<p>Los errores formales o num\u00e9ricos que puedan producirse como consecuencia del mantenimiento y \/ o actualizaci\u00f3n incompleta o defectuosa en los contenidos de diferentes p\u00e1ginas o secciones de la web del Apartamentos Cal Noi, no ser\u00e1n considerados como publicidad enga\u00f1osa y se corregir\u00e1n lo antes tengamos conocimiento de los mismos.<\/p>\n","protected":false},"excerpt":{"rendered":"<p>Legal notice Propiedad de la p\u00e1gina y el contenido Est\u00e1s visitando www.calnoi.info, titularidad de Apartamentos San Roque II, con domicilio social en Camprodon, paseo de la muralla, 13, con N.I.F. E-17619636, y Apartamentos San Roque IV, con domicilio social en Camprodon, plaza del Carmen, 5, con N.I.F. E-17892530, inscritas en el Registro Mercantil de Catalu\u00f1a  [&#8230;]<\/p>\n","protected":false},"author":5,"featured_media":0,"parent":0,"menu_order":0,"comment_status":"open","ping_status":"open","template":"","meta":{"footnotes":""},"class_list":["post-12907","page","type-page","status-publish","hentry"],"_links":{"self":[{"href":"https:\/\/www.calnoi.info\/en\/wp-json\/wp\/v2\/pages\/12907","targetHints":{"allow":["GET"]}}],"collection":[{"href":"https:\/\/www.calnoi.info\/en\/wp-json\/wp\/v2\/pages"}],"about":[{"href":"https:\/\/www.calnoi.info\/en\/wp-json\/wp\/v2\/types\/page"}],"author":[{"embeddable":true,"href":"https:\/\/www.calnoi.info\/en\/wp-json\/wp\/v2\/users\/5"}],"replies":[{"embeddable":true,"href":"https:\/\/www.calnoi.info\/en\/wp-json\/wp\/v2\/comments?post=12907"}],"version-history":[{"count":1,"href":"https:\/\/www.calnoi.info\/en\/wp-json\/wp\/v2\/pages\/12907\/revisions"}],"predecessor-version":[{"id":12929,"href":"https:\/\/www.calnoi.info\/en\/wp-json\/wp\/v2\/pages\/12907\/revisions\/12929"}],"wp:attachment":[{"href":"https:\/\/www.calnoi.info\/en\/wp-json\/wp\/v2\/media?parent=12907"}],"curies":[{"name":"wp","href":"https:\/\/api.w.org\/{rel}","templated":true}]}}