{"id":12850,"date":"2016-05-26T16:20:12","date_gmt":"2016-05-26T16:20:12","guid":{"rendered":"https:\/\/www.calnoi.info\/info-reserves-2\/"},"modified":"2016-06-10T13:30:03","modified_gmt":"2016-06-10T13:30:03","slug":"info-reservas","status":"publish","type":"page","link":"https:\/\/www.calnoi.info\/es\/info-reservas\/","title":{"rendered":"Info reservas"},"content":{"rendered":"<p>* Para cualquier reserva se pedir\u00e1 una paga y se\u00f1al.<br \/>\n* La anulaci\u00f3n de una reserva a m\u00e1s de 15 d\u00edas de la fecha de llegada no tendr\u00e1 ning\u00fan coste adicional y se devolver\u00e1 el importe entregado a cuenta.<br \/>\n* La anulaci\u00f3n de una reserva dentro de las 48 horas anteriores a la llegada supondr\u00e1 la p\u00e9rdida de la cantidad entregada a cuenta.<br \/>\n* En temporada alta, la anulaci\u00f3n de una reserva a menos de quince d\u00edas de la fecha de llegada tambi\u00e9n supondr\u00e1 la p\u00e9rdida de la cantidad entregada a cuenta.<br \/>\n* El abandono del apartamento antes de la fecha prevista en la reserva tiene un coste del 40% del importe de los servicios contratados que queden por utilizar.<br \/>\n* En temporada alta, la cancelaci\u00f3n de una reserva dentro de los 5 d\u00edas anteriores a la entrada supondr\u00e1 el cargo de la primera noche de la reserva.<\/p>\n","protected":false},"excerpt":{"rendered":"<p>* Para cualquier reserva se pedir\u00e1 una paga y se\u00f1al. * La anulaci\u00f3n de una reserva a m\u00e1s de 15 d\u00edas de la fecha de llegada no tendr\u00e1 ning\u00fan coste adicional y se devolver\u00e1 el importe entregado a cuenta. * La anulaci\u00f3n de una reserva dentro de las 48 horas anteriores a la llegada supondr\u00e1  [&#8230;]<\/p>\n","protected":false},"author":5,"featured_media":0,"parent":0,"menu_order":0,"comment_status":"open","ping_status":"open","template":"","meta":{"footnotes":""},"class_list":["post-12850","page","type-page","status-publish","hentry"],"_links":{"self":[{"href":"https:\/\/www.calnoi.info\/es\/wp-json\/wp\/v2\/pages\/12850","targetHints":{"allow":["GET"]}}],"collection":[{"href":"https:\/\/www.calnoi.info\/es\/wp-json\/wp\/v2\/pages"}],"about":[{"href":"https:\/\/www.calnoi.info\/es\/wp-json\/wp\/v2\/types\/page"}],"author":[{"embeddable":true,"href":"https:\/\/www.calnoi.info\/es\/wp-json\/wp\/v2\/users\/5"}],"replies":[{"embeddable":true,"href":"https:\/\/www.calnoi.info\/es\/wp-json\/wp\/v2\/comments?post=12850"}],"version-history":[{"count":1,"href":"https:\/\/www.calnoi.info\/es\/wp-json\/wp\/v2\/pages\/12850\/revisions"}],"predecessor-version":[{"id":12874,"href":"https:\/\/www.calnoi.info\/es\/wp-json\/wp\/v2\/pages\/12850\/revisions\/12874"}],"wp:attachment":[{"href":"https:\/\/www.calnoi.info\/es\/wp-json\/wp\/v2\/media?parent=12850"}],"curies":[{"name":"wp","href":"https:\/\/api.w.org\/{rel}","templated":true}]}}