{"id":12906,"date":"2016-05-26T16:20:12","date_gmt":"2016-05-26T16:20:12","guid":{"rendered":"https:\/\/www.calnoi.info\/info-reservas-2\/"},"modified":"2016-06-13T09:00:07","modified_gmt":"2016-06-13T09:00:07","slug":"info-reservas","status":"publish","type":"page","link":"https:\/\/www.calnoi.info\/fr\/info-reservas\/","title":{"rendered":"Info reservas"},"content":{"rendered":"<p>* Pour toute r\u00e9servation, un d\u00e9p\u00f4t sera requis.<br \/>\n* L&rsquo;annulation d&rsquo;une r\u00e9servation plus de 15 jours de la date d&rsquo;arriv\u00e9e sera sans frais et le montant pay\u00e9 au titre sera rembours\u00e9.<br \/>\n* L&rsquo;annulation d&rsquo;une r\u00e9servation dans les 48 heures avant l&rsquo;arriv\u00e9e entra\u00eenera la perte de la somme vers\u00e9e sur le compte.<br \/>\n* En haute saison, l&rsquo;annulation d&rsquo;une r\u00e9servation dans un d\u00e9lai de quinze jours \u00e0 compter de la date d&rsquo;arriv\u00e9e signifie aussi la perte de la somme vers\u00e9e sur le compte.<br \/>\n* L&rsquo;abandon de l&rsquo;appartement avant la date indiqu\u00e9e dans la r\u00e9servation est factur\u00e9 \u00e0 40% du montant des services contractuels de gauche \u00e0 \u00eatre utilis\u00e9.<br \/>\n* En haute saison, l&rsquo;annulation d&rsquo;une r\u00e9servation dans les 5 jours avant l&rsquo;entr\u00e9e d\u00e9bitera la premi\u00e8re nuit de la r\u00e9servation.<\/p>\n","protected":false},"excerpt":{"rendered":"<p>* Pour toute r\u00e9servation, un d\u00e9p\u00f4t sera requis. * L&rsquo;annulation d&rsquo;une r\u00e9servation plus de 15 jours de la date d&rsquo;arriv\u00e9e sera sans frais et le montant pay\u00e9 au titre sera rembours\u00e9. * L&rsquo;annulation d&rsquo;une r\u00e9servation dans les 48 heures avant l&rsquo;arriv\u00e9e entra\u00eenera la perte de la somme vers\u00e9e sur le compte. * En haute saison,  [&#8230;]<\/p>\n","protected":false},"author":5,"featured_media":0,"parent":0,"menu_order":0,"comment_status":"open","ping_status":"open","template":"","meta":{"footnotes":""},"class_list":["post-12906","page","type-page","status-publish","hentry"],"_links":{"self":[{"href":"https:\/\/www.calnoi.info\/fr\/wp-json\/wp\/v2\/pages\/12906","targetHints":{"allow":["GET"]}}],"collection":[{"href":"https:\/\/www.calnoi.info\/fr\/wp-json\/wp\/v2\/pages"}],"about":[{"href":"https:\/\/www.calnoi.info\/fr\/wp-json\/wp\/v2\/types\/page"}],"author":[{"embeddable":true,"href":"https:\/\/www.calnoi.info\/fr\/wp-json\/wp\/v2\/users\/5"}],"replies":[{"embeddable":true,"href":"https:\/\/www.calnoi.info\/fr\/wp-json\/wp\/v2\/comments?post=12906"}],"version-history":[{"count":1,"href":"https:\/\/www.calnoi.info\/fr\/wp-json\/wp\/v2\/pages\/12906\/revisions"}],"predecessor-version":[{"id":12954,"href":"https:\/\/www.calnoi.info\/fr\/wp-json\/wp\/v2\/pages\/12906\/revisions\/12954"}],"wp:attachment":[{"href":"https:\/\/www.calnoi.info\/fr\/wp-json\/wp\/v2\/media?parent=12906"}],"curies":[{"name":"wp","href":"https:\/\/api.w.org\/{rel}","templated":true}]}}